{"id":1913,"date":"2025-08-27T15:29:01","date_gmt":"2025-08-27T20:29:01","guid":{"rendered":"https:\/\/www.vivestraveltours.com\/?post_type=product&#038;p=1913"},"modified":"2025-09-05T12:25:06","modified_gmt":"2025-09-05T17:25:06","slug":"meta","status":"publish","type":"product","link":"https:\/\/vivestraveltours.com\/en\/product\/meta\/","title":{"rendered":"Meta"},"content":{"rendered":"<p>El Meta se abre camino tras la cordillera, y a pocas horas de Bogot\u00e1 su magia espera. Villavicencio, la Puerta del Llano, te recibe con fiesta, donde el arpa y el cuatro suenan y hacen vibrar hasta la siesta. La brisa se enreda en los joropos, la rumba se enciende entre zapateos bajo cielos rojos, y la mesa se adorna con mamona, guarapo, tungos y muchos otros sabores que al viajero lo vuelven loco.<br \/>\nRutas de encanto recorren su suelo, donde el ganado past\u00f3 y el caballo relinch\u00f3 entre atardeceres dorados que se funden con el cielo. Puerto L\u00f3pez y Gait\u00e1n guardan abrazados r\u00edos de amplio caudal; Restrepo y Cumaral sorprenden con sus amasijos que saben a gloria. Acac\u00edas y Guamal son embrujo encendido, y Mesetas y La Uribe regalan paisajes sin olvido: entre ca\u00f1ones, el G\u00fcejar y el Guape dejan un silbido con su imponente belleza. M\u00e1s al sur, Ca\u00f1o Cristales resplandece de colores entre historias de ciudades perdidas y raudales que conducen a lagunas que cantan en silencio. El Meta es poema que el alma reclama, un viaje que se canta, que se sue\u00f1a y que se ama.<\/p>","protected":false},"excerpt":{"rendered":"<p>El Meta se abre camino tras la cordillera, y a pocas horas de Bogot\u00e1 su magia espera. Villavicencio, la Puerta del Llano, te recibe con fiesta, donde el arpa y el cuatro suenan y hacen vibrar hasta la siesta. La brisa se enreda en los joropos, la rumba se enciende entre zapateos bajo cielos rojos, [&hellip;]<\/p>\n","protected":false},"featured_media":1914,"comment_status":"closed","ping_status":"closed","template":"","meta":{"_acf_changed":false},"product_brand":[],"product_cat":[26],"product_tag":[],"class_list":{"0":"post-1913","1":"product","2":"type-product","3":"status-publish","4":"has-post-thumbnail","6":"product_cat-vives-meta","8":"first","9":"instock","10":"shipping-taxable","11":"product-type-simple"},"acf":[],"_links":{"self":[{"href":"https:\/\/vivestraveltours.com\/en\/wp-json\/wp\/v2\/product\/1913","targetHints":{"allow":["GET"]}}],"collection":[{"href":"https:\/\/vivestraveltours.com\/en\/wp-json\/wp\/v2\/product"}],"about":[{"href":"https:\/\/vivestraveltours.com\/en\/wp-json\/wp\/v2\/types\/product"}],"replies":[{"embeddable":true,"href":"https:\/\/vivestraveltours.com\/en\/wp-json\/wp\/v2\/comments?post=1913"}],"wp:featuredmedia":[{"embeddable":true,"href":"https:\/\/vivestraveltours.com\/en\/wp-json\/wp\/v2\/media\/1914"}],"wp:attachment":[{"href":"https:\/\/vivestraveltours.com\/en\/wp-json\/wp\/v2\/media?parent=1913"}],"wp:term":[{"taxonomy":"product_brand","embeddable":true,"href":"https:\/\/vivestraveltours.com\/en\/wp-json\/wp\/v2\/product_brand?post=1913"},{"taxonomy":"product_cat","embeddable":true,"href":"https:\/\/vivestraveltours.com\/en\/wp-json\/wp\/v2\/product_cat?post=1913"},{"taxonomy":"product_tag","embeddable":true,"href":"https:\/\/vivestraveltours.com\/en\/wp-json\/wp\/v2\/product_tag?post=1913"}],"curies":[{"name":"wp","href":"https:\/\/api.w.org\/{rel}","templated":true}]}}