{"id":1829,"date":"2025-02-16T18:58:27","date_gmt":"2025-02-16T23:58:27","guid":{"rendered":"https:\/\/www.vivestraveltours.com\/?post_type=product&#038;p=1829"},"modified":"2025-02-17T06:54:59","modified_gmt":"2025-02-17T11:54:59","slug":"panama","status":"publish","type":"product","link":"https:\/\/vivestraveltours.com\/en\/product\/panama\/","title":{"rendered":"Panam\u00e1"},"content":{"rendered":"<p>Panam\u00e1, el destino perfecto que combina modernidad y naturaleza. Descubre su ic\u00f3nico Canal, playas paradis\u00edacas, el casco antiguo lleno de historia y una vibrante cultura. \u00a1Una experiencia \u00fanica te espera!<\/p>","protected":false},"excerpt":{"rendered":"<p>Panam\u00e1, el destino perfecto que combina modernidad y naturaleza. Descubre su ic\u00f3nico Canal, playas paradis\u00edacas, el casco antiguo lleno de historia y una vibrante cultura. \u00a1Una experiencia \u00fanica te espera!<\/p>","protected":false},"featured_media":1875,"comment_status":"closed","ping_status":"closed","template":"","meta":{"_acf_changed":false},"product_brand":[],"product_cat":[28],"product_tag":[],"class_list":{"0":"post-1829","1":"product","2":"type-product","3":"status-publish","4":"has-post-thumbnail","6":"product_cat-vives-internacional","8":"first","9":"instock","10":"shipping-taxable","11":"purchasable","12":"product-type-phive_booking"},"acf":[],"_links":{"self":[{"href":"https:\/\/vivestraveltours.com\/en\/wp-json\/wp\/v2\/product\/1829","targetHints":{"allow":["GET"]}}],"collection":[{"href":"https:\/\/vivestraveltours.com\/en\/wp-json\/wp\/v2\/product"}],"about":[{"href":"https:\/\/vivestraveltours.com\/en\/wp-json\/wp\/v2\/types\/product"}],"replies":[{"embeddable":true,"href":"https:\/\/vivestraveltours.com\/en\/wp-json\/wp\/v2\/comments?post=1829"}],"wp:featuredmedia":[{"embeddable":true,"href":"https:\/\/vivestraveltours.com\/en\/wp-json\/wp\/v2\/media\/1875"}],"wp:attachment":[{"href":"https:\/\/vivestraveltours.com\/en\/wp-json\/wp\/v2\/media?parent=1829"}],"wp:term":[{"taxonomy":"product_brand","embeddable":true,"href":"https:\/\/vivestraveltours.com\/en\/wp-json\/wp\/v2\/product_brand?post=1829"},{"taxonomy":"product_cat","embeddable":true,"href":"https:\/\/vivestraveltours.com\/en\/wp-json\/wp\/v2\/product_cat?post=1829"},{"taxonomy":"product_tag","embeddable":true,"href":"https:\/\/vivestraveltours.com\/en\/wp-json\/wp\/v2\/product_tag?post=1829"}],"curies":[{"name":"wp","href":"https:\/\/api.w.org\/{rel}","templated":true}]}}