{"id":1803,"date":"2025-02-15T17:56:01","date_gmt":"2025-02-15T22:56:01","guid":{"rendered":"https:\/\/www.vivestraveltours.com\/?post_type=product&#038;p=1803"},"modified":"2025-02-16T18:42:54","modified_gmt":"2025-02-16T23:42:54","slug":"medellin","status":"publish","type":"product","link":"https:\/\/vivestraveltours.com\/en\/product\/medellin\/","title":{"rendered":"Medell\u00edn"},"content":{"rendered":"<p>&#8220;Descubre la magia de Medell\u00edn, la ciudad de la eterna primavera. Este paquete incluye visitas a los principales atractivos como el Parque Arv\u00ed, la Comuna 13 y el ic\u00f3nico Pueblito Paisa, con alojamiento c\u00f3modo y transporte. Vive la cultura, gastronom\u00eda y paisajes \u00fanicos en un destino lleno de color y vida. \u00a1Perfecto para tus pr\u00f3ximas vacaciones!<\/p>","protected":false},"excerpt":{"rendered":"<p>&#8220;Descubre la magia de Medell\u00edn, la ciudad de la eterna primavera. Este paquete incluye visitas a los principales atractivos como el Parque Arv\u00ed, la Comuna 13 y el ic\u00f3nico Pueblito Paisa, con alojamiento c\u00f3modo y transporte. Vive la cultura, gastronom\u00eda y paisajes \u00fanicos en un destino lleno de color y vida. \u00a1Perfecto para tus pr\u00f3ximas [&hellip;]<\/p>\n","protected":false},"featured_media":1805,"comment_status":"closed","ping_status":"closed","template":"","meta":{"_acf_changed":false},"product_brand":[],"product_cat":[27],"product_tag":[],"class_list":{"0":"post-1803","1":"product","2":"type-product","3":"status-publish","4":"has-post-thumbnail","6":"product_cat-vives-colombia","8":"first","9":"instock","10":"shipping-taxable","11":"purchasable","12":"product-type-phive_booking"},"acf":[],"_links":{"self":[{"href":"https:\/\/vivestraveltours.com\/en\/wp-json\/wp\/v2\/product\/1803","targetHints":{"allow":["GET"]}}],"collection":[{"href":"https:\/\/vivestraveltours.com\/en\/wp-json\/wp\/v2\/product"}],"about":[{"href":"https:\/\/vivestraveltours.com\/en\/wp-json\/wp\/v2\/types\/product"}],"replies":[{"embeddable":true,"href":"https:\/\/vivestraveltours.com\/en\/wp-json\/wp\/v2\/comments?post=1803"}],"wp:featuredmedia":[{"embeddable":true,"href":"https:\/\/vivestraveltours.com\/en\/wp-json\/wp\/v2\/media\/1805"}],"wp:attachment":[{"href":"https:\/\/vivestraveltours.com\/en\/wp-json\/wp\/v2\/media?parent=1803"}],"wp:term":[{"taxonomy":"product_brand","embeddable":true,"href":"https:\/\/vivestraveltours.com\/en\/wp-json\/wp\/v2\/product_brand?post=1803"},{"taxonomy":"product_cat","embeddable":true,"href":"https:\/\/vivestraveltours.com\/en\/wp-json\/wp\/v2\/product_cat?post=1803"},{"taxonomy":"product_tag","embeddable":true,"href":"https:\/\/vivestraveltours.com\/en\/wp-json\/wp\/v2\/product_tag?post=1803"}],"curies":[{"name":"wp","href":"https:\/\/api.w.org\/{rel}","templated":true}]}}