{"id":1483,"date":"2024-08-08T06:28:20","date_gmt":"2024-08-08T11:28:20","guid":{"rendered":"https:\/\/www.vivestraveltours.com\/?post_type=product&#038;p=1483"},"modified":"2025-02-16T19:22:19","modified_gmt":"2025-02-17T00:22:19","slug":"cano-cristales","status":"publish","type":"product","link":"https:\/\/vivestraveltours.com\/en\/product\/cano-cristales\/","title":{"rendered":"Ca\u00f1o Cristales"},"content":{"rendered":"<p>Descubre la maravilla de Ca\u00f1o Cristales, el r\u00edo de los cinco colores, en La Macarena, Meta. Este plan incluye transporte a\u00e9reo, alojamiento c\u00f3modo, alimentaci\u00f3n completa, gu\u00edas expertos y recorridos por los incre\u00edbles paisajes naturales. \u00a1Vive una experiencia \u00fanica en Colombia!<\/p>","protected":false},"excerpt":{"rendered":"<p>Descubre la maravilla de Ca\u00f1o Cristales, el r\u00edo de los cinco colores, en La Macarena, Meta. Este plan incluye transporte a\u00e9reo, alojamiento c\u00f3modo, alimentaci\u00f3n completa, gu\u00edas expertos y recorridos por los incre\u00edbles paisajes naturales. \u00a1Vive una experiencia \u00fanica en Colombia!<\/p>","protected":false},"featured_media":1419,"comment_status":"closed","ping_status":"closed","template":"","meta":{"_acf_changed":false},"product_brand":[],"product_cat":[26],"product_tag":[],"class_list":{"0":"post-1483","1":"product","2":"type-product","3":"status-publish","4":"has-post-thumbnail","6":"product_cat-vives-meta","8":"first","9":"instock","10":"shipping-taxable","11":"purchasable","12":"product-type-phive_booking"},"acf":[],"_links":{"self":[{"href":"https:\/\/vivestraveltours.com\/en\/wp-json\/wp\/v2\/product\/1483","targetHints":{"allow":["GET"]}}],"collection":[{"href":"https:\/\/vivestraveltours.com\/en\/wp-json\/wp\/v2\/product"}],"about":[{"href":"https:\/\/vivestraveltours.com\/en\/wp-json\/wp\/v2\/types\/product"}],"replies":[{"embeddable":true,"href":"https:\/\/vivestraveltours.com\/en\/wp-json\/wp\/v2\/comments?post=1483"}],"wp:featuredmedia":[{"embeddable":true,"href":"https:\/\/vivestraveltours.com\/en\/wp-json\/wp\/v2\/media\/1419"}],"wp:attachment":[{"href":"https:\/\/vivestraveltours.com\/en\/wp-json\/wp\/v2\/media?parent=1483"}],"wp:term":[{"taxonomy":"product_brand","embeddable":true,"href":"https:\/\/vivestraveltours.com\/en\/wp-json\/wp\/v2\/product_brand?post=1483"},{"taxonomy":"product_cat","embeddable":true,"href":"https:\/\/vivestraveltours.com\/en\/wp-json\/wp\/v2\/product_cat?post=1483"},{"taxonomy":"product_tag","embeddable":true,"href":"https:\/\/vivestraveltours.com\/en\/wp-json\/wp\/v2\/product_tag?post=1483"}],"curies":[{"name":"wp","href":"https:\/\/api.w.org\/{rel}","templated":true}]}}